{"id":1076,"date":"2024-09-12T13:26:01","date_gmt":"2024-09-12T13:26:01","guid":{"rendered":"https:\/\/javea.tours\/vie-privee\/"},"modified":"2025-09-04T10:59:43","modified_gmt":"2025-09-04T10:59:43","slug":"vie-privee","status":"publish","type":"page","link":"https:\/\/javea.tours\/fr\/vie-privee\/","title":{"rendered":"Vie priv\u00e9e"},"content":{"rendered":"<p><\/p>\r\n<p><strong>1. qui est le responsable du traitement des donn\u00e9es ?<\/strong><\/p>\r\n<p>\r\n\r\n<\/p>\r\n<p>WATERPRO S.L., dont le si\u00e8ge social est situ\u00e9 Pol\u00edgono San Carlos, Parcela 1B, 03700 Denia (Alicante), Espagne et CIF B05455894, est responsable du traitement des donn\u00e9es relatives aux diff\u00e9rents processus de gestion de nos utilisateurs, clients ou fournisseurs.<\/p>\r\n<p>\r\n\r\n<\/p>\r\n<p>Aux fins de notre politique de protection des donn\u00e9es, le num\u00e9ro de t\u00e9l\u00e9phone de contact est le 96 642 27 65 et l&rsquo;adresse \u00e9lectronique de contact est sports@maremoto.com.<\/p>\r\n<p>\r\n\r\n<\/p>\r\n<p><strong>2. quel type de donn\u00e9es poss\u00e9dons-nous sur vous et comment les avons-nous obtenues ?<\/strong><\/p>\r\n<p>\r\n\r\n<\/p>\r\n<p>Les cat\u00e9gories de donn\u00e9es personnelles que WATERPRO S.L. traite sur ses clients et fournisseurs sont les suivantes :<\/p>\r\n<p>\r\n\r\n<\/p>\r\n<ul class=\"wp-block-list\">\r\n<li><small>Donn\u00e9es d&rsquo;identification<\/small><\/li>\r\n\r\n\r\n\r\n<li><small>Adresses postales ou \u00e9lectroniques<\/small><\/li>\r\n\r\n\r\n\r\n<li><small>Informations commerciales<\/small><\/li>\r\n\r\n\r\n\r\n<li><small>Donn\u00e9es \u00e9conomiques et transactionnelles<\/small><\/li>\r\n<\/ul>\r\n<p>\r\n\r\n<\/p>\r\n<p>Nous ne traitons en aucun cas des donn\u00e9es sp\u00e9cialement prot\u00e9g\u00e9es.<\/p>\r\n<p>\r\n\r\n<\/p>\r\n<p>Nous avons obtenu toutes les donn\u00e9es susmentionn\u00e9es soit directement de votre part en envoyant un formulaire de contact ou en soumettant une offre commerciale, une proposition contractuelle, etc., soit de la part de votre entreprise en nous fournissant les donn\u00e9es d&rsquo;identification et autres informations n\u00e9cessaires \u00e0 la r\u00e9alisation de l&rsquo;objet de la relation contractuelle entre les parties. Il vous incombe, \u00e0 vous ou \u00e0 votre entreprise, de nous fournir des donn\u00e9es mises \u00e0 jour en cas de changement.<\/p>\r\n<p>\r\n\r\n<\/p>\r\n<p><strong>3. dans quel but traitons-nous vos donn\u00e9es ?<\/strong><\/p>\r\n<p>\r\n\r\n<\/p>\r\n<p>Chez WATERPRO S.L., nous traitons les donn\u00e9es qui nous sont fournies par les personnes concern\u00e9es afin de g\u00e9rer diff\u00e9rentes activit\u00e9s d\u00e9riv\u00e9es de proc\u00e9dures sp\u00e9cifiques r\u00e9alis\u00e9es en mati\u00e8re de vente, de service apr\u00e8s-vente, de gestion des fournisseurs, de qualit\u00e9 des services, etc. Ainsi, nous utiliserons vos donn\u00e9es pour mener \u00e0 bien certaines des actions suivantes :<\/p>\r\n<p>\r\n\r\n<\/p>\r\n<ul class=\"wp-block-list\">\r\n<li><small>Envoi des informations demand\u00e9es par le biais du formulaire de contact sur notre site web ou par tout autre moyen de contact avec notre soci\u00e9t\u00e9,<\/small><\/li>\r\n\r\n\r\n\r\n<li><small>Proposer aux clients potentiels et \u00e0 nos clients des offres de produits et de services susceptibles de les int\u00e9resser,<\/small><\/li>\r\n\r\n\r\n\r\n<li><small>Assurer la gestion administrative, fiscale et comptable de nos clients et\/ou fournisseurs,<\/small><\/li>\r\n\r\n\r\n\r\n<li><small>R\u00e9aliser des enqu\u00eates de satisfaction, des \u00e9tudes de march\u00e9, etc. afin de pouvoir vous proposer les offres les plus adapt\u00e9es et une qualit\u00e9 de service optimis\u00e9e, etc.<\/small><\/li>\r\n<\/ul>\r\n<p>\r\n\r\n<\/p>\r\n<p>Nous ne cr\u00e9erons pas de profil d&rsquo;entreprise sur la base des informations fournies et ne prendrons donc pas de d\u00e9cisions automatis\u00e9es vous concernant sur la base d&rsquo;un profil d&rsquo;entreprise.<\/p>\r\n<p>\r\n\r\n<\/p>\r\n<p><strong>4. combien de temps conserverons-nous vos donn\u00e9es ?<\/strong><\/p>\r\n<p>\r\n\r\n<\/p>\r\n<p>Les donn\u00e9es personnelles relatives aux individus li\u00e9s aux clients potentiels, clients et fournisseurs que <strong>WATERPRO S.L.<\/strong> recueille par le biais des diff\u00e9rents formulaires de contact et\/ou de collecte d&rsquo;informations seront conserv\u00e9es jusqu&rsquo;\u00e0 ce que leur suppression soit demand\u00e9e par la partie int\u00e9ress\u00e9e. Les donn\u00e9es fournies par nos clients et fournisseurs seront conserv\u00e9es tant que la relation commerciale entre les parties est maintenue, en respectant dans tous les cas les p\u00e9riodes minimales l\u00e9gales de conservation en fonction du sujet.<\/p>\r\n<p>\r\n\r\n<\/p>\r\n<p>Dans tous les cas, <strong>WATERPRO S.L.<\/strong> conservera vos donn\u00e9es personnelles pendant la p\u00e9riode raisonnablement n\u00e9cessaire, compte tenu de nos besoins pour r\u00e9pondre aux questions qui se posent ou r\u00e9soudre les probl\u00e8mes, apporter des am\u00e9liorations, mettre en place de nouveaux services et r\u00e9pondre aux exigences de la l\u00e9gislation applicable. Cela signifie que nous pouvons conserver vos donn\u00e9es \u00e0 caract\u00e8re personnel pendant une p\u00e9riode raisonnable, m\u00eame apr\u00e8s que vous avez cess\u00e9 d&rsquo;utiliser nos produits ou que vous avez cess\u00e9 d&rsquo;utiliser ce site web. Apr\u00e8s cette p\u00e9riode, vos donn\u00e9es personnelles seront supprim\u00e9es de tous les syst\u00e8mes de <strong>WATERPRO S.L..<\/strong><\/p>\r\n<p>\r\n\r\n<\/p>\r\n<p><strong>5. quelle est la base l\u00e9gitime du traitement de vos donn\u00e9es ?<\/strong><\/p>\r\n<p>\r\n\r\n<\/p>\r\n<p>En fonction du type de traitement des donn\u00e9es, nous r\u00e9sumons ci-dessous la base de la l\u00e9gitimit\u00e9 de ce traitement :<\/p>\r\n<p>\r\n\r\n<\/p>\r\n<figure class=\"wp-block-table\">\r\n<table class=\"has-fixed-layout\">\r\n<thead>\r\n<tr>\r\n<th>TRAITEMENT<\/th>\r\n<th>BASE DE LA L\u00c9GITIMIT\u00c9<\/th>\r\n<\/tr>\r\n<\/thead>\r\n<tbody>\r\n<tr>\r\n<td><strong>Gestion comptable :<\/strong> gestion de la facturation avec les clients et\/ou les fournisseurs.<\/td>\r\n<td>Maintien, d\u00e9veloppement et contr\u00f4le de la relation contractuelle entre les parties.<\/td>\r\n<\/tr>\r\n<tr>\r\n<td><strong>Gestion fiscale :<\/strong> application des retenues \u00e0 la source, cr\u00e9dits d&rsquo;imp\u00f4t, etc.<\/td>\r\n<td>le maintien, le d\u00e9veloppement et le contr\u00f4le de la relation contractuelle entre les parties ; le respect des obligations l\u00e9gales.<\/td>\r\n<\/tr>\r\n<tr>\r\n<td><strong>Gestion administrative :<\/strong> gestion de la logistique, entrep\u00f4t, livraisons aux clients, r\u00e9ception des marchandises, etc.<\/td>\r\n<td>Maintien, d\u00e9veloppement et contr\u00f4le de la relation contractuelle entre les parties.<\/td>\r\n<\/tr>\r\n<tr>\r\n<td><strong>Marketing :<\/strong> actions commerciales concernant nos produits ou services destin\u00e9es \u00e0 nos clients ou \u00e0 ceux qui nous ont demand\u00e9 des informations dans le pass\u00e9, y compris la r\u00e9alisation d&rsquo;enqu\u00eates de satisfaction aupr\u00e8s des clients.<\/td>\r\n<td>Consentement libre et sans \u00e9quivoque de l&rsquo;int\u00e9ress\u00e9 (clients potentiels), le retrait de ce consentement ne pouvant en aucun cas conditionner l&rsquo;ex\u00e9cution du contrat entre les parties ; Int\u00e9r\u00eat l\u00e9gitime de l&rsquo;entreprise dans la promotion et la commercialisation de produits ou de services similaires \u00e0 ceux obtenus ou demand\u00e9s par les int\u00e9ress\u00e9s dans le pass\u00e9.<\/td>\r\n<\/tr>\r\n<\/tbody>\r\n<\/table>\r\n<\/figure>\r\n<p>\r\n\r\n<\/p>\r\n<p>En ce qui concerne la base de l\u00e9gitimit\u00e9 susmentionn\u00e9e, vous \u00eates tenu de fournir des donn\u00e9es personnelles. Si vous ne fournissez pas vos donn\u00e9es personnelles, nous ne serons pas en mesure d&rsquo;ex\u00e9cuter votre contrat, de remplir les obligations l\u00e9gales ou les obligations d\u00e9coulant des autorit\u00e9s publiques.<\/p>\r\n<p>\r\n\r\n<\/p>\r\n<p><strong>6. \u00e0 quels destinataires vos donn\u00e9es seront-elles communiqu\u00e9es ?<\/strong><\/p>\r\n<p>\r\n\r\n<\/p>\r\n<p>WATERPRO S.L. ne partagera jamais vos donn\u00e9es personnelles avec une soci\u00e9t\u00e9 tierce qui a l&rsquo;intention de les utiliser dans ses actions de marketing direct, sauf dans le cas o\u00f9 vous nous avez express\u00e9ment autoris\u00e9s \u00e0 le faire.<\/p>\r\n<p>\r\n\r\n<\/p>\r\n<p>Nous vous informons que nous pouvons fournir vos donn\u00e9es personnelles \u00e0 des organes de l&rsquo;administration publique et \u00e0 des autorit\u00e9s comp\u00e9tentes dans les cas o\u00f9 WATERPRO S.L. re\u00e7oit une demande l\u00e9gale de ces autorit\u00e9s ou dans les cas o\u00f9, agissant de bonne foi, nous consid\u00e9rons qu&rsquo;une telle action est raisonnablement n\u00e9cessaire pour se conformer \u00e0 des proc\u00e9dures l\u00e9gales ; pour r\u00e9pondre \u00e0 toute r\u00e9clamation ou demande l\u00e9gale ; ou pour prot\u00e9ger les droits de WATERPRO S.L. ou de ses clients et du public en g\u00e9n\u00e9ral.<\/p>\r\n<p>\r\n\r\n<\/p>\r\n<p><strong>7. quels sont vos droits en tant que personne concern\u00e9e ?<\/strong><\/p>\r\n<p>\r\n\r\n<\/p>\r\n<p>Toute personne a le droit d&rsquo;obtenir la confirmation que WATERPRO S.L. traite ou non des donn\u00e9es personnelles la concernant.<\/p>\r\n<p>\r\n\r\n<\/p>\r\n<p>En particulier, les personnes concern\u00e9es peuvent demander le droit d&rsquo;acc\u00e9der \u00e0 leurs donn\u00e9es personnelles, ainsi que de les recevoir dans un format commun et lisible par machine si le traitement est effectu\u00e9 par des moyens \u00e9lectroniques<strong>(droit \u00e0 la portabilit\u00e9<\/strong>).<\/p>\r\n<p>\r\n\r\n<\/p>\r\n<p>De m\u00eame, les int\u00e9ress\u00e9s peuvent demander le <strong>droit de rectifier les<\/strong> donn\u00e9es inexactes ou, le cas \u00e9ch\u00e9ant, de demander <strong>leur suppression<\/strong> lorsque, entre autres raisons, les donn\u00e9es ne sont plus n\u00e9cessaires aux fins pour lesquelles elles ont \u00e9t\u00e9 collect\u00e9es.<\/p>\r\n<p>\r\n\r\n<\/p>\r\n<p>En outre, dans certaines circonstances, les personnes concern\u00e9es peuvent demander la <strong>limitation du traitement de leurs donn\u00e9es<\/strong> ou, dans certaines circonstances et pour des raisons li\u00e9es \u00e0 leur situation particuli\u00e8re, les personnes concern\u00e9es peuvent exercer leur <strong>droit d&rsquo;opposition<\/strong> au traitement de leurs donn\u00e9es. WATERPRO S.L. cessera de traiter les donn\u00e9es, sauf pour des raisons l\u00e9gitimes imp\u00e9rieuses, ou pour l&rsquo;exercice ou la d\u00e9fense d&rsquo;\u00e9ventuelles r\u00e9clamations, ou dans les cas d&rsquo;exception pr\u00e9vus par la r\u00e9glementation applicable.<\/p>\r\n<p>\r\n\r\n<\/p>\r\n<p>Nous vous informons \u00e9galement que vous avez le droit de retirer votre consentement \u00e0 tout moment, sans que cela n&rsquo;affecte la l\u00e9galit\u00e9 du traitement fond\u00e9 sur le consentement avant son retrait.<\/p>\r\n<p>\r\n\r\n<\/p>\r\n<p>L&rsquo;utilisateur est \u00e9galement inform\u00e9 qu&rsquo;il peut \u00e0 tout moment exercer les droits susmentionn\u00e9s en nous \u00e9crivant aux coordonn\u00e9es figurant dans la section 1, \u00a0\u00bb Responsable du traitement \u00ab\u00a0, de la pr\u00e9sente politique de protection des donn\u00e9es et de la vie priv\u00e9e de MAREMOTO JETS, S.L., en joignant une copie de sa carte nationale d&rsquo;identit\u00e9. Vous aurez \u00e9galement le droit de d\u00e9poser une plainte aupr\u00e8s de l&rsquo;Agence espagnole de protection des donn\u00e9es, en particulier lorsque vous n&rsquo;avez pas obtenu satisfaction dans l&rsquo;exercice de vos droits.<\/p>\r\n<p>\r\n\r\n<\/p>\r\n<p><strong><br \/><br \/><br \/>Agence espagnole de protection des donn\u00e9es C\/ Jorge Juan, 6 28001 (Madrid) T\u00e9l. 901100099 \/ 912663517 <\/strong><\/p>\r\n<p>\r\n\r\n<\/p>\r\n<p><strong>8. Protection des donn\u00e9es des utilisateurs du site web.<\/strong><\/p>\r\n<p>\r\n\r\n<\/p>\r\n<p>Conform\u00e9ment au R\u00e8glement (UE) 2016\/679 en vigueur, WATERPRO S.L. informe que les donn\u00e9es personnelles des Utilisateurs du site Web seront trait\u00e9es pour l&rsquo;activit\u00e9 de traitement indiqu\u00e9e dans chaque formulaire de collecte de donn\u00e9es sur notre site Web par WATERPRO S.L. Ledit traitement de vos donn\u00e9es sera couvert par votre consentement. En cliquant sur le bouton \u00ab\u00a0Envoyer\u00a0\u00bb, l&rsquo;utilisateur consent au traitement de ses donn\u00e9es par WATERPRO S.L.<\/p>\r\n<p>\r\n\r\n<\/p>\r\n<p>Nous vous informons \u00e9galement que, sauf obligation l\u00e9gale ou consentement expr\u00e8s de votre part, WATERPRO S.L. ne transmettra pas vos donn\u00e9es \u00e0 des tiers.<\/p>\r\n<p>\r\n\r\n<\/p>\r\n<p>De m\u00eame, l&rsquo;Utilisateur est inform\u00e9 qu&rsquo;il peut \u00e0 tout moment exercer les droits d&rsquo;acc\u00e8s, de rectification ou de suppression des donn\u00e9es, ainsi que les autres droits reconnus dans ce document et r\u00e9glement\u00e9s dans le R\u00e8glement (UE) 2016\/679, en le notifiant \u00e0 WATERPRO S.L., POL\u00cdGONO SAN CARLOS, PARCELA 1B, 03700 DENIA (ALICANTE), ESPAGNE, courriel : sports@maremoto.com.<br \/>D&rsquo;autre part, conform\u00e9ment aux dispositions de la loi 34\/2002, du 11 juillet, sur les services de la soci\u00e9t\u00e9 de l&rsquo;information et le commerce \u00e9lectronique, WATERPRO S.L. s&rsquo;engage \u00e0 ne pas envoyer de publicit\u00e9 par courrier \u00e9lectronique sans avoir obtenu au pr\u00e9alable l&rsquo;autorisation expresse du destinataire. L&rsquo;utilisateur peut s&rsquo;opposer \u00e0 l&rsquo;envoi de publicit\u00e9 en cochant la case correspondante.<\/p>\r\n<p>\r\n\r\n<\/p>\r\n<p><strong>9. Autres informations d&rsquo;int\u00e9r\u00eat sur notre politique de protection de la vie priv\u00e9e.<\/strong><\/p>\r\n<p>\r\n\r\n<\/p>\r\n<p><strong>9.1 Mesures de s\u00e9curit\u00e9<\/strong><\/p>\r\n<p>\r\n\r\n<\/p>\r\n<p>WATERPRO S.L. adopte les niveaux de s\u00e9curit\u00e9 requis par la l\u00e9gislation europ\u00e9enne et espagnole en vigueur en mati\u00e8re de protection des donn\u00e9es, en tenant compte de l&rsquo;\u00e9tat de l&rsquo;art, des co\u00fbts de l&rsquo;application et de la nature, de la port\u00e9e, du contexte et des finalit\u00e9s du traitement d\u00e9crit, ainsi que des risques de probabilit\u00e9 et de gravit\u00e9 variables pour vos droits et libert\u00e9s en tant qu&rsquo;individu.<\/p>\r\n<p>\r\n\r\n<\/p>\r\n<p><strong>9.2 Traitement des donn\u00e9es relatives aux enfants<\/strong><\/p>\r\n<p>\r\n\r\n<\/p>\r\n<p>Conform\u00e9ment au GDPR EU 679\/2016 et au RD 1720\/2007, les mineurs de plus de 14 ans peuvent donner leur consentement \u00e0 la contraction de services de la soci\u00e9t\u00e9 de l&rsquo;information, tels que l&rsquo;inscription \u00e0 un forum, le remplissage d&rsquo;un formulaire de contact, etc. Cependant, il incombe \u00e0 WATERPRO S.L. de v\u00e9rifier la v\u00e9racit\u00e9 de l&rsquo;\u00e2ge indiqu\u00e9 par le mineur.<\/p>\r\n<p>\r\n\r\n<\/p>\r\n<p>En ce qui concerne le traitement des donn\u00e9es des enfants de moins de 14 ans, la collecte des donn\u00e9es sera toujours effectu\u00e9e avec le consentement explicite des parents ou des tuteurs l\u00e9gaux.<\/p>\r\n<p>\r\n\r\n<\/p>\r\n<p><strong>9.3 Modifications de notre politique de protection des donn\u00e9es et de la vie priv\u00e9e<\/strong><\/p>\r\n<p>\r\n\r\n<\/p>\r\n<p>De temps \u00e0 autre, WATERPRO S.L. peut apporter des modifications et des corrections \u00e0 cette section de la Politique de protection des donn\u00e9es pour les utilisateurs, les clients et les fournisseurs. Veuillez consulter r\u00e9guli\u00e8rement cette section pour prendre connaissance des changements qui ont pu \u00eatre apport\u00e9s et de la mani\u00e8re dont ils peuvent vous affecter.<\/p>\r\n<p>\r\n\r\n<\/p>\r\n<p><strong>9.4 Pourquoi est-il n\u00e9cessaire d&rsquo;accepter cette politique de protection des donn\u00e9es et de la vie priv\u00e9e ?<\/strong><\/p>\r\n<p>\r\n\r\n<\/p>\r\n<p>Cette section de la politique de protection des donn\u00e9es pour les utilisateurs, clients et fournisseurs vous fournit toutes les informations n\u00e9cessaires de mani\u00e8re facilement accessible afin que vous puissiez conna\u00eetre le type de donn\u00e9es que WATERPRO S.L. d\u00e9tient sur ses clients potentiels, clients et\/ou fournisseurs, les finalit\u00e9s poursuivies, les droits que la r\u00e9glementation sur la protection des donn\u00e9es vous reconna\u00eet en tant que personne concern\u00e9e et la mani\u00e8re d&rsquo;exercer ces droits. Par cons\u00e9quent, en envoyant d\u00e9lib\u00e9r\u00e9ment vos donn\u00e9es personnelles par le biais de nos moyens de contact et\/ou en \u00e9tablissant une relation commerciale avec notre soci\u00e9t\u00e9, nous consid\u00e9rons que vous reconnaissez et acceptez le traitement de vos donn\u00e9es personnelles tel que d\u00e9crit dans la pr\u00e9sente politique. Ces informations personnelles ne seront utilis\u00e9es qu&rsquo;aux fins pour lesquelles vous nous les avez fournies ou pour lesquelles nous sommes autoris\u00e9s \u00e0 le faire par des r\u00e9glementations nationales ou r\u00e9gionales.<\/p>\r\n<p>\r\n\r\n<\/p>\r\n<p>En tout \u00e9tat de cause, nous devons vous avertir qu&rsquo;un refus de votre part de nous fournir certaines donn\u00e9es demand\u00e9es pourrait entraver le d\u00e9veloppement de la relation contractuelle entre les parties avec d&rsquo;\u00e9ventuelles cons\u00e9quences graves lors de la fourniture des diff\u00e9rents services envisag\u00e9s dans le cadre du contrat commercial conclu avec le cocontractant.<\/p>\r\n<p>\r\n\r\n<\/p>\r\n<p>Si vous avez des questions concernant cette section de la Politique de protection des donn\u00e9es pour les clients potentiels, les clients et les fournisseurs de WATERPRO S.L., veuillez contacter l&rsquo;entreprise \u00e0 l&rsquo;adresse indiqu\u00e9e dans la premi\u00e8re section \u00ab\u00a0Contr\u00f4leur de donn\u00e9es\u00a0\u00bb et nous serons heureux de vous aider et de r\u00e9pondre \u00e0 toutes vos questions.<\/p>\r\n<p>\r\n\r\n<\/p>\r\n<p><strong>10. L\u00e9gislation applicable<\/strong><\/p>\r\n<p>\r\n\r\n<\/p>\r\n<p>Les pr\u00e9sentes conditions g\u00e9n\u00e9rales sont r\u00e9gies \u00e0 tout moment par les dispositions de la l\u00e9gislation espagnole et europ\u00e9enne en mati\u00e8re de protection des donn\u00e9es personnelles et de la vie priv\u00e9e.<\/p>\r\n<p><\/p>","protected":false},"excerpt":{"rendered":"<p>1. qui est le responsable du traitement des donn\u00e9es ? WATERPRO S.L., dont le si\u00e8ge social est situ\u00e9 Pol\u00edgono San Carlos, Parcela 1B, 03700 Denia (Alicante), Espagne et CIF B05455894, est responsable du traitement des donn\u00e9es relatives aux diff\u00e9rents processus de gestion de nos utilisateurs, clients ou fournisseurs. Aux fins de notre politique de protection [&hellip;]<\/p>\n","protected":false},"author":1,"featured_media":0,"parent":0,"menu_order":0,"comment_status":"closed","ping_status":"closed","template":"","meta":{"_joinchat":[],"footnotes":""},"class_list":["post-1076","page","type-page","status-publish","hentry"],"_links":{"self":[{"href":"https:\/\/javea.tours\/fr\/wp-json\/wp\/v2\/pages\/1076","targetHints":{"allow":["GET"]}}],"collection":[{"href":"https:\/\/javea.tours\/fr\/wp-json\/wp\/v2\/pages"}],"about":[{"href":"https:\/\/javea.tours\/fr\/wp-json\/wp\/v2\/types\/page"}],"author":[{"embeddable":true,"href":"https:\/\/javea.tours\/fr\/wp-json\/wp\/v2\/users\/1"}],"replies":[{"embeddable":true,"href":"https:\/\/javea.tours\/fr\/wp-json\/wp\/v2\/comments?post=1076"}],"version-history":[{"count":2,"href":"https:\/\/javea.tours\/fr\/wp-json\/wp\/v2\/pages\/1076\/revisions"}],"predecessor-version":[{"id":3604,"href":"https:\/\/javea.tours\/fr\/wp-json\/wp\/v2\/pages\/1076\/revisions\/3604"}],"wp:attachment":[{"href":"https:\/\/javea.tours\/fr\/wp-json\/wp\/v2\/media?parent=1076"}],"curies":[{"name":"wp","href":"https:\/\/api.w.org\/{rel}","templated":true}]}}