{"id":1072,"date":"2024-09-12T13:26:46","date_gmt":"2024-09-12T13:26:46","guid":{"rendered":"https:\/\/javea.tours\/politique-en-matiere-de-cookies-de-waterpro-s-l\/"},"modified":"2025-09-04T09:44:38","modified_gmt":"2025-09-04T09:44:38","slug":"politique-en-matiere-de-cookies-de-waterpro-s-l","status":"publish","type":"page","link":"https:\/\/javea.tours\/fr\/politique-en-matiere-de-cookies-de-waterpro-s-l\/","title":{"rendered":"POLITIQUE EN MATI\u00c8RE DE COOKIES DE WATERPRO S.L."},"content":{"rendered":"&#13;\n<p>Ce site web utilise des cookies et\/ou des technologies similaires qui lui sont propres et qui stockent et r\u00e9cup\u00e8rent des informations lorsque vous naviguez. Vous pouvez consulter ci-dessous les cookies et\/ou technologies similaires utilis\u00e9s sur ce site web. <\/p>&#13;\n<p><strong>PROPRES COOKIES<\/strong><\/p>&#13;\n<p>Technique ou n\u00e9cessaire<br\/>Les cookies techniques ou strictement n\u00e9cessaires sont ceux qui permettent \u00e0 l&rsquo;utilisateur de naviguer sur un site web et d&rsquo;utiliser les diff\u00e9rentes options ou services qui y sont propos\u00e9s, tels que, par exemple, le contr\u00f4le du trafic et de la communication des donn\u00e9es, l&rsquo;identification de la session, l&rsquo;acc\u00e8s aux zones restreintes, la m\u00e9morisation des \u00e9l\u00e9ments qui composent une commande, l&rsquo;ex\u00e9cution du processus d&rsquo;achat d&rsquo;une commande, la gestion du paiement, contr\u00f4ler la fraude li\u00e9e \u00e0 la s\u00e9curit\u00e9 du service, faire une demande d&rsquo;inscription ou de participation \u00e0 un \u00e9v\u00e9nement, utiliser des \u00e9l\u00e9ments de s\u00e9curit\u00e9 lors de la navigation, stocker des contenus pour la diffusion de vid\u00e9os ou de sons, permettre des contenus dynamiques (par exemple, l&rsquo;animation de textes ou le chargement d&rsquo;images), partager des contenus via les r\u00e9seaux sociaux ou personnaliser l&rsquo;interface utilisateur, sous r\u00e9serve que l&rsquo;utilisateur choisisse les options de personnalisation qu&rsquo;il souhaite.<\/p>&#13;\n<p>La base juridique qui l\u00e9gitime ce traitement est l&rsquo;ex\u00e9cution et le maintien du service demand\u00e9 par l&rsquo;utilisateur. Ces cookies resteront actifs tant que l&rsquo;utilisateur restera sur le site web. <\/p>&#13;\n<p>PLUS D&rsquo;INFORMATIONS SUR LE TRAITEMENT DES DONN\u00c9ES PERSONNELLES<br\/>Vous pouvez consulter plus d&rsquo;informations sur le traitement de vos donn\u00e9es personnelles en acc\u00e9dant \u00e0 notre <em><strong><a href=\"https:\/\/javea.tours2.testdcip.com\/privacidad\/\">Politique de confidentialit\u00e9.<\/a><\/strong><\/em><\/p>&#13;\n<p>\u00a0<\/p>&#13;\n","protected":false},"excerpt":{"rendered":"<p>&#13; Ce site web utilise des cookies et\/ou des technologies similaires qui lui sont propres et qui stockent et r\u00e9cup\u00e8rent des informations lorsque vous naviguez. Vous pouvez consulter ci-dessous les cookies et\/ou technologies similaires utilis\u00e9s sur ce site web. &#13; PROPRES COOKIES &#13; Technique ou n\u00e9cessaireLes cookies techniques ou strictement n\u00e9cessaires sont ceux qui permettent [&hellip;]<\/p>\n","protected":false},"author":1,"featured_media":0,"parent":0,"menu_order":0,"comment_status":"closed","ping_status":"closed","template":"","meta":{"_joinchat":[],"footnotes":""},"class_list":["post-1072","page","type-page","status-publish","hentry"],"_links":{"self":[{"href":"https:\/\/javea.tours\/fr\/wp-json\/wp\/v2\/pages\/1072","targetHints":{"allow":["GET"]}}],"collection":[{"href":"https:\/\/javea.tours\/fr\/wp-json\/wp\/v2\/pages"}],"about":[{"href":"https:\/\/javea.tours\/fr\/wp-json\/wp\/v2\/types\/page"}],"author":[{"embeddable":true,"href":"https:\/\/javea.tours\/fr\/wp-json\/wp\/v2\/users\/1"}],"replies":[{"embeddable":true,"href":"https:\/\/javea.tours\/fr\/wp-json\/wp\/v2\/comments?post=1072"}],"version-history":[{"count":3,"href":"https:\/\/javea.tours\/fr\/wp-json\/wp\/v2\/pages\/1072\/revisions"}],"predecessor-version":[{"id":3579,"href":"https:\/\/javea.tours\/fr\/wp-json\/wp\/v2\/pages\/1072\/revisions\/3579"}],"wp:attachment":[{"href":"https:\/\/javea.tours\/fr\/wp-json\/wp\/v2\/media?parent=1072"}],"curies":[{"name":"wp","href":"https:\/\/api.w.org\/{rel}","templated":true}]}}