{"id":1068,"date":"2024-09-12T13:25:53","date_gmt":"2024-09-12T13:25:53","guid":{"rendered":"https:\/\/javea.tours\/politique-dannulation\/"},"modified":"2025-09-04T09:44:18","modified_gmt":"2025-09-04T09:44:18","slug":"politique-dannulation","status":"publish","type":"page","link":"https:\/\/javea.tours\/fr\/politique-dannulation\/","title":{"rendered":"Politique d&rsquo;annulation"},"content":{"rendered":"&#13;\n<p>Si l&rsquo;annulation est demand\u00e9e par le client :<\/p>&#13;\n<p><\/p><\/p>\r\n<ul class=\"wp-block-list\">&#13;\n<li>Avec un pr\u00e9avis de 72 heures ou plus, le montant pay\u00e9 sera rembours\u00e9 ou la r\u00e9servation sera report\u00e9e \u00e0 une autre date en fonction des disponibilit\u00e9s.<\/li>&#13;\n\r\n\r\n&#13;\n<li>Avec un pr\u00e9avis de 72 \u00e0 24 heures, la r\u00e9servation ne sera pas rembours\u00e9e mais pourra \u00eatre report\u00e9e \u00e0 une autre date en fonction des disponibilit\u00e9s.<\/li>&#13;\n\r\n\r\n&#13;\n<li>Avec un pr\u00e9avis de moins de 24 heures, la r\u00e9servation sera consid\u00e9r\u00e9e comme annul\u00e9e, sans possibilit\u00e9 de remboursement ou de changement de date.<\/li>&#13;\n<\/ul>\r\n<p>&#13;\n<p>Aucun remboursement ne sera effectu\u00e9 :<\/p>&#13;\n<p><\/p><\/p>\r\n<ul class=\"wp-block-list\">&#13;\n<li>si le client ne se pr\u00e9sente pas \u00e0 l&rsquo;heure pr\u00e9vue pour le d\u00e9but de l&rsquo;activit\u00e9.<\/li>&#13;\n\r\n\r\n&#13;\n<li>si, une fois l&rsquo;activit\u00e9 commenc\u00e9e, le client d\u00e9cide de rentrer au port sans respecter la dur\u00e9e ou l&rsquo;itin\u00e9raire pr\u00e9vus.<\/li>&#13;\n\r\n\r\n&#13;\n<li>si l&rsquo;entreprise annule l&rsquo;\u00e9v\u00e9nement parce que le participant montre des signes \u00e9vidents d&rsquo;\u00eatre sous l&rsquo;influence de l&rsquo;alcool ou de la drogue.<\/li>&#13;\n\r\n\r\n&#13;\n<li>si l&rsquo;entreprise annule le voyage parce que le participant ne respecte pas les instructions relatives \u00e0 l&rsquo;utilisation correcte des jet-skis ou qu&rsquo;elle estime qu&rsquo;il peut mettre en danger sa s\u00e9curit\u00e9 ou celle du reste du groupe.<\/li>&#13;\n<\/ul>\r\n<p>&#13;\n<p>L&rsquo;entreprise se r\u00e9serve le droit d&rsquo;annuler l&rsquo;activit\u00e9 si elle estime que les conditions m\u00e9t\u00e9orologiques ou toute autre circonstance exceptionnelle peuvent mettre en danger la s\u00e9curit\u00e9 de tout participant, donnant droit au remboursement int\u00e9gral du montant pay\u00e9 au titre de la r\u00e9servation ou \u00e0 un changement de date en fonction des disponibilit\u00e9s.<\/p>&#13;\n","protected":false},"excerpt":{"rendered":"<p>&#13; Si l&rsquo;annulation est demand\u00e9e par le client : &#13; &#13; Aucun remboursement ne sera effectu\u00e9 : &#13; &#13; L&rsquo;entreprise se r\u00e9serve le droit d&rsquo;annuler l&rsquo;activit\u00e9 si elle estime que les conditions m\u00e9t\u00e9orologiques ou toute autre circonstance exceptionnelle peuvent mettre en danger la s\u00e9curit\u00e9 de tout participant, donnant droit au remboursement int\u00e9gral du montant pay\u00e9 [&hellip;]<\/p>\n","protected":false},"author":1,"featured_media":0,"parent":0,"menu_order":0,"comment_status":"closed","ping_status":"closed","template":"","meta":{"_joinchat":[],"footnotes":""},"class_list":["post-1068","page","type-page","status-publish","hentry"],"_links":{"self":[{"href":"https:\/\/javea.tours\/fr\/wp-json\/wp\/v2\/pages\/1068","targetHints":{"allow":["GET"]}}],"collection":[{"href":"https:\/\/javea.tours\/fr\/wp-json\/wp\/v2\/pages"}],"about":[{"href":"https:\/\/javea.tours\/fr\/wp-json\/wp\/v2\/types\/page"}],"author":[{"embeddable":true,"href":"https:\/\/javea.tours\/fr\/wp-json\/wp\/v2\/users\/1"}],"replies":[{"embeddable":true,"href":"https:\/\/javea.tours\/fr\/wp-json\/wp\/v2\/comments?post=1068"}],"version-history":[{"count":2,"href":"https:\/\/javea.tours\/fr\/wp-json\/wp\/v2\/pages\/1068\/revisions"}],"predecessor-version":[{"id":3573,"href":"https:\/\/javea.tours\/fr\/wp-json\/wp\/v2\/pages\/1068\/revisions\/3573"}],"wp:attachment":[{"href":"https:\/\/javea.tours\/fr\/wp-json\/wp\/v2\/media?parent=1068"}],"curies":[{"name":"wp","href":"https:\/\/api.w.org\/{rel}","templated":true}]}}