{"id":1054,"date":"2024-09-12T13:26:31","date_gmt":"2024-09-12T13:26:31","guid":{"rendered":"https:\/\/javea.tours\/avis-juridique\/"},"modified":"2025-09-04T10:58:43","modified_gmt":"2025-09-04T10:58:43","slug":"avis-juridique","status":"publish","type":"page","link":"https:\/\/javea.tours\/fr\/avis-juridique\/","title":{"rendered":"AVIS JURIDIQUE"},"content":{"rendered":"<p><\/p>\r\n<p><em>Conform\u00e9ment \u00e0 la loi 34\/2002, du 11 juillet, sur les services de la soci\u00e9t\u00e9 de l&rsquo;information et le commerce \u00e9lectronique, nous vous informons que<\/em><\/p>\r\n<p>\r\n\r\n<\/p>\r\n<p><strong>1. le sujet<\/strong><\/p>\r\n<p>\r\n\r\n<\/p>\r\n<p><strong>Art. 10 LSSI :<\/strong> www.maremotosports.com est un domaine internet appartenant \u00e0 WATERPRO S.L. dont le si\u00e8ge social est Pol\u00edgono San Carlos, Parcela 1B, 03700 Denia (Alicante), Espagne CIF B05455894. La soci\u00e9t\u00e9 est inscrite au registre du commerce d&rsquo;Alicante, volume 3850, folio 41, entr\u00e9e 1, page A-144496.<\/p>\r\n<p>\r\n\r\n<\/p>\r\n<p><strong>Aux fins du pr\u00e9sent document, le num\u00e9ro de t\u00e9l\u00e9phone de contact est le<\/strong> 96 642 27 65 <strong>et l&rsquo;adresse \u00e9lectronique de contact est<\/strong> sports@maremoto.com.<\/p>\r\n<p>\r\n\r\n<\/p>\r\n<p><strong>Le pr\u00e9sent avis juridique r\u00e9git l&rsquo;utilisation de ce domaine.<\/strong><\/p>\r\n<p>\r\n\r\n<\/p>\r\n<p>L&rsquo;utilisation de ce site web implique l&rsquo;acceptation par l&rsquo;utilisateur des conditions d&rsquo;utilisation incluses dans le pr\u00e9sent avis, ainsi que de nos politiques en mati\u00e8re de \u00ab\u00a0protection des donn\u00e9es et de la vie priv\u00e9e\u00a0\u00bb et de \u00ab\u00a0politique d&rsquo;utilisation des cookies\u00a0\u00bb. Dans le cas o\u00f9 certains services contenus et\/ou outils offerts \u00e0 travers ce \u00ab\u00a0Portail\u00a0\u00bb requi\u00e8rent l&rsquo;application de conditions sp\u00e9cifiques, celles-ci seront mises \u00e0 la disposition de l&rsquo;utilisateur.<\/p>\r\n<p>\r\n\r\n<\/p>\r\n<p>De plus, WATERPRO S.L. vous informe que les contenus et les services de ce site Web ainsi que les conditions d&rsquo;utilisation peuvent \u00eatre modifi\u00e9s sans notification pr\u00e9alable.<\/p>\r\n<p>\r\n\r\n<\/p>\r\n<p><strong>2. Conditions d&rsquo;utilisation.<\/strong><\/p>\r\n<p>\r\n\r\n<\/p>\r\n<p>L&rsquo;utilisateur s&rsquo;engage \u00e0 fournir des informations v\u00e9ridiques, exactes et compl\u00e8tes sur son identit\u00e9 dans les sections o\u00f9 il est n\u00e9cessaire de s&rsquo;inscrire pour y acc\u00e9der. En outre, il s&rsquo;engage \u00e0 tenir \u00e0 jour les donn\u00e9es personnelles qu&rsquo;il peut fournir au propri\u00e9taire du domaine, et il est donc seul responsable des informations fausses ou inexactes qu&rsquo;il peut fournir.<\/p>\r\n<p>\r\n\r\n<\/p>\r\n<p>Veuillez noter que si vous \u00eates mineur, vous devez obtenir l&rsquo;autorisation de vos parents, tuteurs ou repr\u00e9sentants l\u00e9gaux pour acc\u00e9der aux services fournis. WATERPRO S.L. n&rsquo;est pas responsable au cas o\u00f9 les donn\u00e9es \u00e0 ce sujet seraient inexactes ou fausses.<\/p>\r\n<p>\r\n\r\n<\/p>\r\n<p>Le \u00ab\u00a0portail\u00a0\u00bb ne peut \u00eatre utilis\u00e9 qu&rsquo;\u00e0 des fins l\u00e9gales et, par cons\u00e9quent, l&rsquo;utilisateur s&rsquo;engage \u00e0 faire un usage licite et honn\u00eate du portail et conform\u00e9ment aux pr\u00e9sentes conditions g\u00e9n\u00e9rales d&rsquo;utilisation, \u00e0 ne pas utiliser les services du \u00ab\u00a0portail\u00a0\u00bb pour r\u00e9aliser des activit\u00e9s contraires \u00e0 la loi espagnole, \u00e0 la morale et \u00e0 l&rsquo;ordre public, en assumant toute responsabilit\u00e9 pour les dommages caus\u00e9s au propri\u00e9taire du domaine ou \u00e0 des tiers qui pourraient r\u00e9sulter de pratiques ill\u00e9gales ou inadmissibles, entre autres, et \u00e0 titre d&rsquo;exemple non limitatif :<\/p>\r\n<p>\r\n\r\n<\/p>\r\n<ul class=\"wp-block-list\">\r\n<li><small>Effectuer toute manipulation ou alt\u00e9ration de cette page sans le consentement pr\u00e9alable du propri\u00e9taire du domaine, qui n&rsquo;assumera aucune responsabilit\u00e9 pouvant d\u00e9couler d&rsquo;une telle manipulation ou alt\u00e9ration par des tiers.<\/small><\/li>\r\n\r\n\r\n\r\n<li><small>R\u00e9aliser tout acte susceptible d&rsquo;endommager, de rendre inutilisable, de surcharger ou de d\u00e9t\u00e9riorer le portail et les services et\/ou d&rsquo;en emp\u00eacher l&rsquo;utilisation normale par les utilisateurs.<\/small><\/li>\r\n\r\n\r\n\r\n<li><small>Introduire et\/ou utiliser des programmes informatiques, des donn\u00e9es, des fichiers d\u00e9fectueux, des virus, des codes malveillants, des \u00e9quipements informatiques ou de t\u00e9l\u00e9communication ou autres, quelle que soit leur nature, susceptibles de causer des dommages au portail, \u00e0 l&rsquo;un des services ou aux actifs (physiques ou logiques) des syst\u00e8mes d&rsquo;information du propri\u00e9taire du domaine.<\/small><\/li>\r\n\r\n\r\n\r\n<li><small>violer les droits des tiers \u00e0 la vie priv\u00e9e, \u00e0 l&rsquo;image de soi, \u00e0 la protection des donn\u00e9es, au secret des communications, \u00e0 la propri\u00e9t\u00e9 intellectuelle et industrielle.<\/small><\/li>\r\n\r\n\r\n\r\n<li><small>Masquer et usurper l&rsquo;origine des messages \u00e9lectroniques.<\/small><\/li>\r\n\r\n\r\n\r\n<li><small>Utiliser de fausses identit\u00e9s, se faire passer pour d&rsquo;autres personnes dans le cadre de l&rsquo;utilisation du portail ou de l&rsquo;utilisation de l&rsquo;un des services.<\/small><\/li>\r\n\r\n\r\n\r\n<li><small>Reproduire, distribuer, modifier ou copier le contenu de ce site, sauf autorisation du propri\u00e9taire du domaine ou autorisation l\u00e9gale.<\/small><\/li>\r\n\r\n\r\n\r\n<li><small>Transmettre les noms d&rsquo;utilisateur et les mots de passe \u00e0 des tiers non autoris\u00e9s.<\/small><\/li>\r\n<\/ul>\r\n<p>\r\n\r\n<\/p>\r\n<p>WATERPRO S.L. n&rsquo;est pas responsable des liens (LINKS) vers d&rsquo;autres pages Internet de tiers et leur existence n&rsquo;implique pas que WATERPRO S.L. approuve ou accepte leur contenu et leurs services. Ces autres sites Internet ne sont pas contr\u00f4l\u00e9s par WATERPRO S.L. et ne sont pas couverts par la pr\u00e9sente politique de confidentialit\u00e9. Si vous acc\u00e9dez \u00e0 d&rsquo;autres sites Web en utilisant les liens fournis, les op\u00e9rateurs de ces sites peuvent collecter vos informations personnelles. Veuillez vous assurer que vous \u00eates d&rsquo;accord avec les politiques de confidentialit\u00e9 de ces sites Web tiers avant de fournir des informations personnelles.<\/p>\r\n<p>\r\n\r\n<\/p>\r\n<p>En g\u00e9n\u00e9ral, le titulaire du domaine exclut sa responsabilit\u00e9 pour les dommages de toute nature pouvant d\u00e9couler de l&rsquo;utilisation du site web, ainsi que pour les dommages d\u00e9coulant de la violation des droits de propri\u00e9t\u00e9 intellectuelle et industrielle par les utilisateurs et\/ou du manque de v\u00e9racit\u00e9, d&rsquo;exactitude et d&rsquo;actualit\u00e9 des contenus, et ne peut \u00eatre tenu pour responsable de l&rsquo;interruption du service, du mauvais fonctionnement ou de l&rsquo;impossibilit\u00e9 d&rsquo;acc\u00e9der au service.<\/p>\r\n<p>\r\n\r\n<\/p>\r\n<p>Le propri\u00e9taire du domaine n&rsquo;est pas responsable des dommages caus\u00e9s par la pr\u00e9sence de virus ou de tout autre logiciel nuisible susceptible de provoquer des alt\u00e9rations dans le syst\u00e8me informatique de l&rsquo;utilisateur.<\/p>\r\n<p>\r\n\r\n<\/p>\r\n<p>Le site web, y compris, mais sans s&rsquo;y limiter, sa programmation, ses dessins, ses logos, ses textes et\/ou ses graphiques sont la propri\u00e9t\u00e9 du fournisseur ou, le cas \u00e9ch\u00e9ant, font l&rsquo;objet d&rsquo;une licence ou d&rsquo;une autorisation expresse de la part des auteurs.<\/p>\r\n<p>\r\n\r\n<\/p>\r\n<p>Quelle que soit la finalit\u00e9 poursuivie, la reproduction, l&rsquo;utilisation, l&rsquo;exploitation, la distribution et la commercialisation, totales ou partielles, n\u00e9cessitent dans tous les cas l&rsquo;autorisation \u00e9crite pr\u00e9alable du propri\u00e9taire du domaine.<\/p>\r\n<p>\r\n\r\n<\/p>\r\n<p>L&rsquo;utilisateur s&rsquo;engage \u00e0 n&rsquo;effectuer aucun acte contre les droits de propri\u00e9t\u00e9 intellectuelle ou industrielle de l&rsquo;auteur.<\/p>\r\n<p>\r\n\r\n<\/p>\r\n<p>Le fournisseur autorise express\u00e9ment les tiers \u00e0 rediriger directement vers les contenus sp\u00e9cifiques du site web, et doit en tout \u00e9tat de cause rediriger vers le site web principal du fournisseur.<\/p>\r\n<p>\r\n\r\n<\/p>\r\n<p><strong>3. Utilisation de cookies<\/strong><\/p>\r\n<p>\r\n\r\n<\/p>\r\n<p>WATERPRO S.L., en tant que propri\u00e9taire de ce site Web, d\u00e9clare utiliser des proc\u00e9dures automatiques de collecte d&rsquo;informations pour conserver le registre des utilisateurs qui visitent son site Web. Cliquez <a href=\"https:\/\/maremotosports.com\/cookies\" target=\"_blank\" rel=\"noopener\">ici<\/a> pour acc\u00e9der \u00e0 notre politique d&rsquo;utilisation des cookies.<\/p>\r\n<p>\r\n\r\n<\/p>\r\n<p><strong>4. Politique d&rsquo;annulation<\/strong><\/p>\r\n<p>\r\n\r\n<\/p>\r\n<p>Si l&rsquo;annulation est demand\u00e9e par le client :<\/p>\r\n<p>\r\n\r\n<\/p>\r\n<ul class=\"wp-block-list\">\r\n<li>Avec un pr\u00e9avis de 72 heures ou plus, le montant pay\u00e9 sera rembours\u00e9 ou la r\u00e9servation sera report\u00e9e \u00e0 une autre date en fonction des disponibilit\u00e9s.<\/li>\r\n\r\n\r\n\r\n<li>Avec un pr\u00e9avis de 72 \u00e0 24 heures, la r\u00e9servation ne sera pas rembours\u00e9e mais pourra \u00eatre report\u00e9e \u00e0 une autre date en fonction des disponibilit\u00e9s.<\/li>\r\n\r\n\r\n\r\n<li>Avec un pr\u00e9avis de moins de 24 heures, la r\u00e9servation sera consid\u00e9r\u00e9e comme annul\u00e9e, sans possibilit\u00e9 de remboursement ou de changement de date.<\/li>\r\n<\/ul>\r\n<p>\r\n\r\n<\/p>\r\n<p>Aucun remboursement ne sera effectu\u00e9 :<\/p>\r\n<p>\r\n\r\n<\/p>\r\n<ul class=\"wp-block-list\">\r\n<li>si le client ne se pr\u00e9sente pas \u00e0 l&rsquo;heure pr\u00e9vue pour le d\u00e9but de l&rsquo;activit\u00e9.<\/li>\r\n\r\n\r\n\r\n<li>si, une fois l&rsquo;activit\u00e9 commenc\u00e9e, le client d\u00e9cide de rentrer au port sans respecter la dur\u00e9e ou l&rsquo;itin\u00e9raire pr\u00e9vus.<\/li>\r\n\r\n\r\n\r\n<li>si l&rsquo;entreprise annule l&rsquo;\u00e9v\u00e9nement parce que le participant montre des signes \u00e9vidents d&rsquo;\u00eatre sous l&rsquo;influence de l&rsquo;alcool ou de la drogue.<\/li>\r\n\r\n\r\n\r\n<li>si l&rsquo;entreprise annule le voyage parce que le participant ne respecte pas les instructions relatives \u00e0 l&rsquo;utilisation correcte des jet-skis ou qu&rsquo;elle estime qu&rsquo;il peut mettre en danger sa s\u00e9curit\u00e9 ou celle du reste du groupe.<\/li>\r\n<\/ul>\r\n<p>\r\n\r\n<\/p>\r\n<p>L&rsquo;entreprise se r\u00e9serve le droit d&rsquo;annuler l&rsquo;activit\u00e9 si elle estime que les conditions m\u00e9t\u00e9orologiques ou toute autre circonstance exceptionnelle peuvent mettre en danger la s\u00e9curit\u00e9 de tout participant, donnant droit au remboursement int\u00e9gral du montant pay\u00e9 au titre de la r\u00e9servation ou \u00e0 un changement de date en fonction des disponibilit\u00e9s.<\/p>\r\n<p>\r\n\r\n<\/p>\r\n<p><strong>5. Protection des donn\u00e9es<\/strong><\/p>\r\n<p>\r\n\r\n<\/p>\r\n<p>Vous pouvez consulter notre politique de protection des donn\u00e9es personnelles en cliquant <a href=\"https:\/\/maremotosports.com\/politica-de-privacidad\" target=\"_blank\" rel=\"noopener\">ici.<\/a><\/p>\r\n<p>\r\n\r\n<\/p>\r\n<p><strong>6. L\u00e9gislation applicable<\/strong><\/p>\r\n<p>\r\n\r\n<\/p>\r\n<p>Les pr\u00e9sentes conditions sont \u00e0 tout moment r\u00e9gies par les dispositions du droit espagnol.<\/p>\r\n<p><\/p>","protected":false},"excerpt":{"rendered":"<p>Conform\u00e9ment \u00e0 la loi 34\/2002, du 11 juillet, sur les services de la soci\u00e9t\u00e9 de l&rsquo;information et le commerce \u00e9lectronique, nous vous informons que 1. le sujet Art. 10 LSSI : www.maremotosports.com est un domaine internet appartenant \u00e0 WATERPRO S.L. dont le si\u00e8ge social est Pol\u00edgono San Carlos, Parcela 1B, 03700 Denia (Alicante), Espagne CIF [&hellip;]<\/p>\n","protected":false},"author":1,"featured_media":0,"parent":0,"menu_order":0,"comment_status":"closed","ping_status":"closed","template":"","meta":{"_joinchat":[],"footnotes":""},"class_list":["post-1054","page","type-page","status-publish","hentry"],"_links":{"self":[{"href":"https:\/\/javea.tours\/fr\/wp-json\/wp\/v2\/pages\/1054","targetHints":{"allow":["GET"]}}],"collection":[{"href":"https:\/\/javea.tours\/fr\/wp-json\/wp\/v2\/pages"}],"about":[{"href":"https:\/\/javea.tours\/fr\/wp-json\/wp\/v2\/types\/page"}],"author":[{"embeddable":true,"href":"https:\/\/javea.tours\/fr\/wp-json\/wp\/v2\/users\/1"}],"replies":[{"embeddable":true,"href":"https:\/\/javea.tours\/fr\/wp-json\/wp\/v2\/comments?post=1054"}],"version-history":[{"count":2,"href":"https:\/\/javea.tours\/fr\/wp-json\/wp\/v2\/pages\/1054\/revisions"}],"predecessor-version":[{"id":3603,"href":"https:\/\/javea.tours\/fr\/wp-json\/wp\/v2\/pages\/1054\/revisions\/3603"}],"wp:attachment":[{"href":"https:\/\/javea.tours\/fr\/wp-json\/wp\/v2\/media?parent=1054"}],"curies":[{"name":"wp","href":"https:\/\/api.w.org\/{rel}","templated":true}]}}